{"id":2351,"date":"2026-01-13T12:54:31","date_gmt":"2026-01-13T12:54:31","guid":{"rendered":"https:\/\/nbukey.com\/?page_id=2351"},"modified":"2026-03-30T08:27:43","modified_gmt":"2026-03-30T08:27:43","slug":"dogalicerikler","status":"publish","type":"page","link":"https:\/\/nbukey.com\/tr\/dogalicerikler\/","title":{"rendered":"Do\u011fal \u0130\u00e7erikler"},"content":{"rendered":"","protected":false},"excerpt":{"rendered":"","protected":false},"author":1,"featured_media":0,"parent":0,"menu_order":0,"comment_status":"open","ping_status":"closed","template":"","meta":{"footnotes":""},"class_list":["post-2351","page","type-page","status-publish","hentry"],"_links":{"self":[{"href":"https:\/\/nbukey.com\/tr\/wp-json\/wp\/v2\/pages\/2351","targetHints":{"allow":["GET"]}}],"collection":[{"href":"https:\/\/nbukey.com\/tr\/wp-json\/wp\/v2\/pages"}],"about":[{"href":"https:\/\/nbukey.com\/tr\/wp-json\/wp\/v2\/types\/page"}],"author":[{"embeddable":true,"href":"https:\/\/nbukey.com\/tr\/wp-json\/wp\/v2\/users\/1"}],"replies":[{"embeddable":true,"href":"https:\/\/nbukey.com\/tr\/wp-json\/wp\/v2\/comments?post=2351"}],"version-history":[{"count":4,"href":"https:\/\/nbukey.com\/tr\/wp-json\/wp\/v2\/pages\/2351\/revisions"}],"predecessor-version":[{"id":2404,"href":"https:\/\/nbukey.com\/tr\/wp-json\/wp\/v2\/pages\/2351\/revisions\/2404"}],"wp:attachment":[{"href":"https:\/\/nbukey.com\/tr\/wp-json\/wp\/v2\/media?parent=2351"}],"curies":[{"name":"wp","href":"https:\/\/api.w.org\/{rel}","templated":true}]}}